{"id":20,"date":"2024-10-07T16:36:20","date_gmt":"2024-10-07T14:36:20","guid":{"rendered":"https:\/\/sustainable-horizon.com\/?page_id=20"},"modified":"2024-12-13T20:17:08","modified_gmt":"2024-12-13T19:17:08","slug":"termin","status":"publish","type":"page","link":"https:\/\/sustainable-horizon.com\/es\/termin\/","title":{"rendered":"Terminvereinbarung"},"content":{"rendered":"<div data-elementor-type=\"wp-page\" data-elementor-id=\"20\" class=\"elementor elementor-20\" data-elementor-post-type=\"page\">\n\t\t\t\t<div class=\"elementor-element elementor-element-9731957 e-flex e-con-boxed e-con e-parent\" data-id=\"9731957\" data-element_type=\"container\">\n\t\t\t\t\t<div class=\"e-con-inner\">\n\t\t<div class=\"elementor-element elementor-element-e2731c8 e-con-full e-flex e-con e-child\" data-id=\"e2731c8\" data-element_type=\"container\">\n\t\t<div class=\"elementor-element elementor-element-e7c028e e-con-full e-flex e-con e-child\" data-id=\"e7c028e\" data-element_type=\"container\" data-settings=\"{&quot;background_background&quot;:&quot;classic&quot;}\">\n\t\t<div class=\"elementor-element elementor-element-d95e004 e-con-full e-flex e-con e-child\" data-id=\"d95e004\" data-element_type=\"container\">\n\t\t\t\t<div class=\"elementor-element elementor-element-7ce6b5b elementor-widget elementor-widget-heading\" data-id=\"7ce6b5b\" data-element_type=\"widget\" data-widget_type=\"heading.default\">\n\t\t\t\t<div class=\"elementor-widget-container\">\n\t\t\t\t\t<h2 class=\"elementor-heading-title elementor-size-default\">Kontaktaufnahme<\/h2>\t\t\t\t<\/div>\n\t\t\t\t<\/div>\n\t\t\t\t<div class=\"elementor-element elementor-element-46b209f elementor-widget elementor-widget-text-editor\" data-id=\"46b209f\" data-element_type=\"widget\" data-widget_type=\"text-editor.default\">\n\t\t\t\t<div class=\"elementor-widget-container\">\n\t\t\t\t\t\t\t\t\t<p>Kontaktieren Sie mich telefonisch \u00fcber die&nbsp;+49 176 82293344&nbsp;oder geben Sie unten Ihre Kontaktdaten an und ich melde mich bei Ihnen innerhalb von 48h.<\/p>\t\t\t\t\t\t\t\t<\/div>\n\t\t\t\t<\/div>\n\t\t\t\t<\/div>\n\t\t\t\t<div class=\"elementor-element elementor-element-5041993 elementor-widget elementor-widget-formidable\" data-id=\"5041993\" data-element_type=\"widget\" data-widget_type=\"formidable.default\">\n\t\t\t\t<div class=\"elementor-widget-container\">\n\t\t\t\t\t<div class=\"frm_forms\" id=\"frm_form_1_container\" data-token=\"63da772fcf114a1b8a379dbc280d3f9a\">\n<form enctype=\"multipart\/form-data\" method=\"post\" class=\"frm-show-form  frm_js_validate  frm_ajax_submit  frm_pro_form\" id=\"form_kontaktformular\" data-token=\"63da772fcf114a1b8a379dbc280d3f9a\" action=\"\">\n<div class=\"frm_form_fields\">\n<fieldset>\n<legend class=\"frm_screen_reader\">Kontaktformular<\/legend>\r\n\r\n<div class=\"frm_fields_container\">\n<input type=\"hidden\" name=\"frm_action\" value=\"create\" \/>\n<input type=\"hidden\" name=\"form_id\" value=\"1\" \/>\n<input type=\"hidden\" name=\"frm_hide_fields_1\" id=\"frm_hide_fields_1\" value=\"\" \/>\n<input type=\"hidden\" name=\"form_key\" value=\"kontaktformular\" \/>\n<input type=\"hidden\" name=\"item_meta[0]\" value=\"\" \/>\n<input type=\"hidden\" id=\"frm_submit_entry_1\" name=\"frm_submit_entry_1\" value=\"9ecd9b1efc\" \/><input type=\"hidden\" name=\"_wp_http_referer\" value=\"\/es\/wp-json\/wp\/v2\/pages\/20\" \/><div id=\"frm_field_10_container\" class=\"frm_form_field form-field  frm_required_field frm_top_container ansprache vertical_radio\">\r\n\t<div  id=\"field_5llxg_label\" class=\"frm_primary_label\">Ansprache\r\n\t\t<span class=\"frm_required\" aria-hidden=\"true\"><\/span>\r\n\t<\/div>\r\n\t<div class=\"frm_opt_container\" aria-labelledby=\"field_5llxg_label\" role=\"radiogroup\" aria-required=\"true\">\t\t<div class=\"frm_radio\" id=\"frm_radio_10-0\">\t\t\t<label  for=\"field_5llxg-0\">\n\t\t\t\t\t<input type=\"radio\" name=\"item_meta[10]\" id=\"field_5llxg-0\" value=\"Herr\"\n\t\t   data-reqmsg=\"Ansprache kann nicht leer sein.\" data-invmsg=\"Ansprache no es v\u00e1lido\"  \/> Herr<\/label><\/div>\n\t\t<div class=\"frm_radio\" id=\"frm_radio_10-1\">\t\t\t<label  for=\"field_5llxg-1\">\n\t\t\t\t\t<input type=\"radio\" name=\"item_meta[10]\" id=\"field_5llxg-1\" value=\"Frau\"\n\t\t   data-reqmsg=\"Ansprache kann nicht leer sein.\" data-invmsg=\"Ansprache no es v\u00e1lido\"  \/> Frau<\/label><\/div>\n\t\t<div class=\"frm_radio\" id=\"frm_radio_10-2\">\t\t\t<label  for=\"field_5llxg-2\">\n\t\t\t\t\t<input type=\"radio\" name=\"item_meta[10]\" id=\"field_5llxg-2\" value=\"Diverse\"\n\t\t   data-reqmsg=\"Ansprache kann nicht leer sein.\" data-invmsg=\"Ansprache no es v\u00e1lido\"  \/> Diverse<\/label><\/div>\n<\/div>\r\n\t\r\n\t\r\n<\/div>\n<div id=\"frm_field_1_container\" class=\"frm_form_field form-field  frm_required_field frm_top_container frm_first frm_half\">\r\n\t<label for=\"field_qh4icy\" id=\"field_qh4icy_label\" class=\"frm_primary_label\">Vorname\r\n\t\t<span class=\"frm_required\" aria-hidden=\"true\"><\/span>\r\n\t<\/label>\r\n\t<input type=\"text\" id=\"field_qh4icy\" name=\"item_meta[1]\" value=\"\"  data-reqmsg=\"Vorname kann nicht leer sein.\" aria-required=\"true\" data-invmsg=\"Vorname ist ung\u00fcltig\" aria-invalid=\"false\"  \/>\r\n\t\r\n\t\r\n<\/div>\n<div id=\"frm_field_2_container\" class=\"frm_form_field form-field  frm_required_field frm_top_container frm_half\">\r\n\t<label for=\"field_ocfup1\" id=\"field_ocfup1_label\" class=\"frm_primary_label\">Nachhanme\r\n\t\t<span class=\"frm_required\" aria-hidden=\"true\"><\/span>\r\n\t<\/label>\r\n\t<input type=\"text\" id=\"field_ocfup1\" name=\"item_meta[2]\" value=\"\"  data-reqmsg=\"Nachhanme kann nicht leer sein.\" aria-required=\"true\" data-invmsg=\"Nachhanme ist ung\u00fcltig\" aria-invalid=\"false\"  \/>\r\n\t\r\n\t\r\n<\/div>\n<div id=\"frm_field_7_container\" class=\"frm_form_field form-field  frm_top_container frm6 frm_first\">\r\n\t<label for=\"field_q2ihf\" id=\"field_q2ihf_label\" class=\"frm_primary_label\">Wohnort (Optional)\r\n\t\t<span class=\"frm_required\" aria-hidden=\"true\"><\/span>\r\n\t<\/label>\r\n\t<input type=\"text\" id=\"field_q2ihf\" name=\"item_meta[7]\" value=\"\"  data-invmsg=\"Wohnort (Optional) ist ung\u00fcltig\" aria-invalid=\"false\"  \/>\r\n\t\r\n\t\r\n<\/div>\n<div id=\"frm_field_8_container\" class=\"frm_form_field form-field  frm_top_container frm6\">\r\n\t<label for=\"field_e9cvq\" id=\"field_e9cvq_label\" class=\"frm_primary_label\">PLZ (Optional)\r\n\t\t<span class=\"frm_required\" aria-hidden=\"true\"><\/span>\r\n\t<\/label>\r\n\t<input type=\"text\" id=\"field_e9cvq\" name=\"item_meta[8]\" value=\"\"  data-invmsg=\"PLZ (Optional) ist ung\u00fcltig\" aria-invalid=\"false\"  \/>\r\n\t\r\n\t\r\n<\/div>\n<div id=\"frm_field_9_container\" class=\"frm_form_field form-field  frm_top_container frm6 frm_first\">\r\n\t<label for=\"field_h3rzs\" id=\"field_h3rzs_label\" class=\"frm_primary_label\">Telefonnummer (Optional)\r\n\t\t<span class=\"frm_required\" aria-hidden=\"true\"><\/span>\r\n\t<\/label>\r\n\t<input type=\"tel\" id=\"field_h3rzs\" name=\"item_meta[9]\" value=\"\"  data-invmsg=\"Please enter a valid email address\" aria-invalid=\"false\" pattern=\"((\\+\\d{1,3}(-|.| )?\\(?\\d\\)?(-| |.)?\\d{1,5})|(\\(?\\d{2,6}\\)?))(-|.| )?(\\d{3,4})(-|.| )?(\\d{4})(( x| ext)\\d{1,5}){0,1}$\"  \/>\r\n\t\r\n\t\r\n<\/div>\n<div id=\"frm_field_3_container\" class=\"frm_form_field form-field  frm_required_field frm_top_container frm6\">\r\n\t<label for=\"field_29yf4d\" id=\"field_29yf4d_label\" class=\"frm_primary_label\">E-Mail\r\n\t\t<span class=\"frm_required\" aria-hidden=\"true\"><\/span>\r\n\t<\/label>\r\n\t<input type=\"email\" id=\"field_29yf4d\" name=\"item_meta[3]\" value=\"\"  data-reqmsg=\"E-Mail kann nicht leer sein.\" aria-required=\"true\" data-invmsg=\"Please enter a valid email address\" aria-invalid=\"false\"  \/>\r\n\t\r\n\t\r\n<\/div>\n<div id=\"frm_field_5_container\" class=\"frm_form_field form-field  frm_top_container frm_full\">\r\n\t<label for=\"field_9jv0r1\" id=\"field_9jv0r1_label\" class=\"frm_primary_label\">Ihre Nachricht (Optional)\r\n\t\t<span class=\"frm_required\" aria-hidden=\"true\"><\/span>\r\n\t<\/label>\r\n\t<textarea name=\"item_meta[5]\" id=\"field_9jv0r1\" rows=\"5\"  data-invmsg=\"Ihre Nachricht (Optional) no es v\u00e1lido\" aria-invalid=\"false\"  ><\/textarea>\r\n\t\r\n\t\r\n<\/div>\n<div id=\"frm_field_11_container\" class=\"frm_form_field form-field  frm_required_field frm_none_container frm12 frm_first dse vertical_radio\">\r\n\t<div  id=\"field_vpl1_label\" class=\"frm_primary_label\">Datenschutz\r\n\t\t<span class=\"frm_required\" aria-hidden=\"true\">*<\/span>\r\n\t<\/div>\r\n\t<div class=\"frm_opt_container\" aria-labelledby=\"field_vpl1_label\" role=\"group\">\t\t<div class=\"frm_checkbox\" id=\"frm_checkbox_11-0\">\t\t\t<label  for=\"field_vpl1-0\">\n\t\t\t<input type=\"checkbox\" name=\"item_meta[11][]\" id=\"field_vpl1-0\" value=\"&lt;div class=&quot;label&quot;&gt;Ich stimme der &lt;a href=&quot;\/datenschutz\/&quot;&gt;Datenverarbeitung&lt;\/a&gt; zu.&lt;\/div&gt;\"  data-reqmsg=\"Datenschutz kann nicht leer sein.\" data-invmsg=\"Datenschutz no es v\u00e1lido\"   aria-required=\"true\"  \/> <div class=\"label\">Ich stimme der <a href=\"\/es\/datenschutz\/\">Datenverarbeitung<\/a> zu.<\/div><\/label><\/div>\n<\/div>\r\n\t\r\n\t\r\n<\/div>\n<div id=\"frm_field_6_container\" class=\"frm_form_field form-field  frm12 frm_first\">\r\n\t<div class=\"frm_submit frm_flex\">\r\n<button class=\"frm_button_submit frm_final_submit\" type=\"submit\"  >Gespr\u00e4ch vereinbaren<\/button>\r\n\r\n\r\n\r\n<\/div>\r\n<\/div>\n\t<input type=\"hidden\" name=\"item_key\" value=\"\" \/>\n\t\t\t<div id=\"frm_field_12_container\">\n\t\t\t<label for=\"field_3uez2\" >\n\t\t\t\tSi eres humano, deja este campo en blanco.\t\t\t<\/label>\n\t\t\t<input  id=\"field_3uez2\" type=\"text\" class=\"frm_form_field form-field frm_verify\" name=\"item_meta[12]\" value=\"\"  \/>\n\t\t<\/div>\n\t\t<input name=\"frm_state\" type=\"hidden\" value=\"opxojxLRvh8lJAAYhZ3BltTa4StRdJytqYEjSgzMno36Q7cNwwXWFbSbK47SG6DL\" \/><\/div>\n<\/fieldset>\n<\/div>\n\n<input type=\"hidden\" name=\"trp-form-language\" value=\"es\"\/><\/form>\n<\/div>\n\t\t\t\t<\/div>\n\t\t\t\t<\/div>\n\t\t\t\t<\/div>\n\t\t<div class=\"elementor-element elementor-element-b243065 e-con-full e-flex e-con e-child\" data-id=\"b243065\" data-element_type=\"container\" data-settings=\"{&quot;background_background&quot;:&quot;classic&quot;}\">\n\t\t<div class=\"elementor-element elementor-element-df69b76 e-con-full e-flex e-con e-child\" data-id=\"df69b76\" data-element_type=\"container\" data-settings=\"{&quot;sticky&quot;:&quot;top&quot;,&quot;sticky_on&quot;:[&quot;widescreen&quot;,&quot;desktop&quot;,&quot;laptop&quot;,&quot;tablet_extra&quot;,&quot;tablet&quot;],&quot;sticky_offset&quot;:115,&quot;sticky_effects_offset&quot;:1,&quot;sticky_parent&quot;:&quot;yes&quot;,&quot;sticky_anchor_link_offset&quot;:0}\">\n\t\t<div class=\"elementor-element elementor-element-68a89b7 e-con-full e-flex e-con e-child\" data-id=\"68a89b7\" data-element_type=\"container\">\n\t\t<div class=\"elementor-element elementor-element-e5c8973 e-con-full e-flex e-con e-child\" data-id=\"e5c8973\" data-element_type=\"container\">\n\t\t\t\t<div class=\"elementor-element elementor-element-5b6e70d elementor-widget elementor-widget-image\" data-id=\"5b6e70d\" data-element_type=\"widget\" data-widget_type=\"image.default\">\n\t\t\t\t<div class=\"elementor-widget-container\">\n\t\t\t\t\t\t\t\t\t\t\t\t\t\t\t<img decoding=\"async\" width=\"768\" height=\"512\" src=\"https:\/\/sustainable-horizon.com\/wp-content\/uploads\/2024\/10\/claudio-ortega-friegel_vom-sustainable-horizon_03-768x512.jpg\" class=\"attachment-medium_large size-medium_large wp-image-1248\" alt=\"\" srcset=\"https:\/\/sustainable-horizon.com\/wp-content\/uploads\/2024\/10\/claudio-ortega-friegel_vom-sustainable-horizon_03-768x512.jpg 768w, https:\/\/sustainable-horizon.com\/wp-content\/uploads\/2024\/10\/claudio-ortega-friegel_vom-sustainable-horizon_03-300x200.jpg 300w, https:\/\/sustainable-horizon.com\/wp-content\/uploads\/2024\/10\/claudio-ortega-friegel_vom-sustainable-horizon_03-1024x683.jpg 1024w, https:\/\/sustainable-horizon.com\/wp-content\/uploads\/2024\/10\/claudio-ortega-friegel_vom-sustainable-horizon_03-1536x1024.jpg 1536w, https:\/\/sustainable-horizon.com\/wp-content\/uploads\/2024\/10\/claudio-ortega-friegel_vom-sustainable-horizon_03-2048x1365.jpg 2048w\" sizes=\"(max-width: 768px) 100vw, 768px\" \/>\t\t\t\t\t\t\t\t\t\t\t\t\t\t\t<\/div>\n\t\t\t\t<\/div>\n\t\t\t\t<\/div>\n\t\t<div class=\"elementor-element elementor-element-cb3b481 e-con-full e-flex e-con e-child\" data-id=\"cb3b481\" data-element_type=\"container\">\n\t\t\t\t<div class=\"elementor-element elementor-element-f0c4f96 elementor-widget elementor-widget-heading\" data-id=\"f0c4f96\" data-element_type=\"widget\" data-widget_type=\"heading.default\">\n\t\t\t\t<div class=\"elementor-widget-container\">\n\t\t\t\t\t<h2 class=\"elementor-heading-title elementor-size-default\">Claudio Ortega Friegel<\/h2>\t\t\t\t<\/div>\n\t\t\t\t<\/div>\n\t\t\t\t<div class=\"elementor-element elementor-element-b05a0a2 elementor-widget elementor-widget-heading\" data-id=\"b05a0a2\" data-element_type=\"widget\" data-widget_type=\"heading.default\">\n\t\t\t\t<div class=\"elementor-widget-container\">\n\t\t\t\t\t<p class=\"elementor-heading-title elementor-size-default\">Experte f\u00fcr Energie- &amp; Nachhaltigkeitsberatung,\nsowie Projektmanagement.<\/p>\t\t\t\t<\/div>\n\t\t\t\t<\/div>\n\t\t\t\t<\/div>\n\t\t\t\t<\/div>\n\t\t\t\t<div class=\"elementor-element elementor-element-ddd67dd elementor-widget-divider--view-line elementor-widget elementor-widget-divider\" data-id=\"ddd67dd\" data-element_type=\"widget\" data-widget_type=\"divider.default\">\n\t\t\t\t<div class=\"elementor-widget-container\">\n\t\t\t\t\t\t\t<div class=\"elementor-divider\">\n\t\t\t<span class=\"elementor-divider-separator\">\n\t\t\t\t\t\t<\/span>\n\t\t<\/div>\n\t\t\t\t\t\t<\/div>\n\t\t\t\t<\/div>\n\t\t<div class=\"elementor-element elementor-element-57521e3 e-con-full e-flex e-con e-child\" data-id=\"57521e3\" data-element_type=\"container\">\n\t\t<div class=\"elementor-element elementor-element-bb40269 e-con-full e-flex e-con e-child\" data-id=\"bb40269\" data-element_type=\"container\">\n\t\t\t\t<div class=\"elementor-element elementor-element-407475d elementor-widget elementor-widget-heading\" data-id=\"407475d\" data-element_type=\"widget\" data-widget_type=\"heading.default\">\n\t\t\t\t<div class=\"elementor-widget-container\">\n\t\t\t\t\t<h2 class=\"elementor-heading-title elementor-size-default\">Sprechen Sie mit uns auf Augenh\u00f6he<\/h2>\t\t\t\t<\/div>\n\t\t\t\t<\/div>\n\t\t\t\t<div class=\"elementor-element elementor-element-aed078c elementor-widget elementor-widget-text-editor\" data-id=\"aed078c\" data-element_type=\"widget\" data-widget_type=\"text-editor.default\">\n\t\t\t\t<div class=\"elementor-widget-container\">\n\t\t\t\t\t\t\t\t\t<p>Gemeinsam gestalten wir nachhaltige, energieeffiziente L\u00f6sungen f\u00fcr Ihre Bauprojekte und bringen diese auf das n\u00e4chste Level \u2013 mit individuellen Konzepten und maximaler F\u00f6rderf\u00e4higkeit.<\/p>\t\t\t\t\t\t\t\t<\/div>\n\t\t\t\t<\/div>\n\t\t\t\t<\/div>\n\t\t\t\t<div class=\"elementor-element elementor-element-1d37b35 elementor-align-start elementor-icon-list--layout-traditional elementor-list-item-link-full_width elementor-widget elementor-widget-icon-list\" data-id=\"1d37b35\" data-element_type=\"widget\" data-widget_type=\"icon-list.default\">\n\t\t\t\t<div class=\"elementor-widget-container\">\n\t\t\t\t\t\t\t<ul class=\"elementor-icon-list-items\">\n\t\t\t\t\t\t\t<li class=\"elementor-icon-list-item\">\n\t\t\t\t\t\t\t\t\t\t\t<span class=\"elementor-icon-list-icon\">\n\t\t\t\t\t\t\t<svg aria-hidden=\"true\" class=\"e-font-icon-svg e-fas-check\" viewbox=\"0 0 512 512\" xmlns=\"http:\/\/www.w3.org\/2000\/svg\"><path d=\"M173.898 439.404l-166.4-166.4c-9.997-9.997-9.997-26.206 0-36.204l36.203-36.204c9.997-9.998 26.207-9.998 36.204 0L192 312.69 432.095 72.596c9.997-9.997 26.207-9.997 36.204 0l36.203 36.204c9.997 9.997 9.997 26.206 0 36.204l-294.4 294.401c-9.998 9.997-26.207 9.997-36.204-.001z\"><\/path><\/svg>\t\t\t\t\t\t<\/span>\n\t\t\t\t\t\t\t\t\t\t<span class=\"elementor-icon-list-text\">Ma\u00dfgeschneiderte &amp; individuelle L\u00f6sungen<\/span>\n\t\t\t\t\t\t\t\t\t<\/li>\n\t\t\t\t\t\t\t\t<li class=\"elementor-icon-list-item\">\n\t\t\t\t\t\t\t\t\t\t\t<span class=\"elementor-icon-list-icon\">\n\t\t\t\t\t\t\t<svg aria-hidden=\"true\" class=\"e-font-icon-svg e-fas-check\" viewbox=\"0 0 512 512\" xmlns=\"http:\/\/www.w3.org\/2000\/svg\"><path d=\"M173.898 439.404l-166.4-166.4c-9.997-9.997-9.997-26.206 0-36.204l36.203-36.204c9.997-9.998 26.207-9.998 36.204 0L192 312.69 432.095 72.596c9.997-9.997 26.207-9.997 36.204 0l36.203 36.204c9.997 9.997 9.997 26.206 0 36.204l-294.4 294.401c-9.998 9.997-26.207 9.997-36.204-.001z\"><\/path><\/svg>\t\t\t\t\t\t<\/span>\n\t\t\t\t\t\t\t\t\t\t<span class=\"elementor-icon-list-text\">Zertifizierte Nachhaltigkeits- und Energieberatung<\/span>\n\t\t\t\t\t\t\t\t\t<\/li>\n\t\t\t\t\t\t\t\t<li class=\"elementor-icon-list-item\">\n\t\t\t\t\t\t\t\t\t\t\t<span class=\"elementor-icon-list-icon\">\n\t\t\t\t\t\t\t<svg aria-hidden=\"true\" class=\"e-font-icon-svg e-fas-check\" viewbox=\"0 0 512 512\" xmlns=\"http:\/\/www.w3.org\/2000\/svg\"><path d=\"M173.898 439.404l-166.4-166.4c-9.997-9.997-9.997-26.206 0-36.204l36.203-36.204c9.997-9.998 26.207-9.998 36.204 0L192 312.69 432.095 72.596c9.997-9.997 26.207-9.997 36.204 0l36.203 36.204c9.997 9.997 9.997 26.206 0 36.204l-294.4 294.401c-9.998 9.997-26.207 9.997-36.204-.001z\"><\/path><\/svg>\t\t\t\t\t\t<\/span>\n\t\t\t\t\t\t\t\t\t\t<span class=\"elementor-icon-list-text\">F\u00f6rderberatung &amp; F\u00f6rderantr\u00e4ge<\/span>\n\t\t\t\t\t\t\t\t\t<\/li>\n\t\t\t\t\t\t\t\t<li class=\"elementor-icon-list-item\">\n\t\t\t\t\t\t\t\t\t\t\t<span class=\"elementor-icon-list-icon\">\n\t\t\t\t\t\t\t<svg aria-hidden=\"true\" class=\"e-font-icon-svg e-fas-check\" viewbox=\"0 0 512 512\" xmlns=\"http:\/\/www.w3.org\/2000\/svg\"><path d=\"M173.898 439.404l-166.4-166.4c-9.997-9.997-9.997-26.206 0-36.204l36.203-36.204c9.997-9.998 26.207-9.998 36.204 0L192 312.69 432.095 72.596c9.997-9.997 26.207-9.997 36.204 0l36.203 36.204c9.997 9.997 9.997 26.206 0 36.204l-294.4 294.401c-9.998 9.997-26.207 9.997-36.204-.001z\"><\/path><\/svg>\t\t\t\t\t\t<\/span>\n\t\t\t\t\t\t\t\t\t\t<span class=\"elementor-icon-list-text\">Ganzheitliches Projektmanagement<\/span>\n\t\t\t\t\t\t\t\t\t<\/li>\n\t\t\t\t\t\t\t\t<li class=\"elementor-icon-list-item\">\n\t\t\t\t\t\t\t\t\t\t\t<span class=\"elementor-icon-list-icon\">\n\t\t\t\t\t\t\t<svg aria-hidden=\"true\" class=\"e-font-icon-svg e-fas-check\" viewbox=\"0 0 512 512\" xmlns=\"http:\/\/www.w3.org\/2000\/svg\"><path d=\"M173.898 439.404l-166.4-166.4c-9.997-9.997-9.997-26.206 0-36.204l36.203-36.204c9.997-9.998 26.207-9.998 36.204 0L192 312.69 432.095 72.596c9.997-9.997 26.207-9.997 36.204 0l36.203 36.204c9.997 9.997 9.997 26.206 0 36.204l-294.4 294.401c-9.998 9.997-26.207 9.997-36.204-.001z\"><\/path><\/svg>\t\t\t\t\t\t<\/span>\n\t\t\t\t\t\t\t\t\t\t<span class=\"elementor-icon-list-text\">Pers\u00f6nliche Beratung auf Augenh\u00f6he<\/span>\n\t\t\t\t\t\t\t\t\t<\/li>\n\t\t\t\t\t\t<\/ul>\n\t\t\t\t\t\t<\/div>\n\t\t\t\t<\/div>\n\t\t\t\t<\/div>\n\t\t<div class=\"elementor-element elementor-element-ae8bc96 e-con-full e-flex e-con e-child\" data-id=\"ae8bc96\" data-element_type=\"container\">\n\t\t\t\t<div class=\"elementor-element elementor-element-44c67f5 elementor-widget elementor-widget-heading\" data-id=\"44c67f5\" data-element_type=\"widget\" data-widget_type=\"heading.default\">\n\t\t\t\t<div class=\"elementor-widget-container\">\n\t\t\t\t\t<h3 class=\"elementor-heading-title elementor-size-default\">Mitglied unter anderem bei<\/h3>\t\t\t\t<\/div>\n\t\t\t\t<\/div>\n\t\t<div class=\"elementor-element elementor-element-7049a07 e-con-full e-grid e-con e-child\" data-id=\"7049a07\" data-element_type=\"container\">\n\t\t\t\t<div class=\"elementor-element elementor-element-a1ad026 elementor-widget elementor-widget-image\" data-id=\"a1ad026\" data-element_type=\"widget\" data-widget_type=\"image.default\">\n\t\t\t\t<div class=\"elementor-widget-container\">\n\t\t\t\t\t\t\t\t\t\t\t\t\t\t\t<img decoding=\"async\" width=\"800\" height=\"306\" src=\"https:\/\/sustainable-horizon.com\/wp-content\/uploads\/2024\/10\/IKBauNRW_LogoMitglieder2022_100PT_RGB-1024x392.jpg\" class=\"attachment-large size-large wp-image-974\" alt=\"\" srcset=\"https:\/\/sustainable-horizon.com\/wp-content\/uploads\/2024\/10\/IKBauNRW_LogoMitglieder2022_100PT_RGB-1024x392.jpg 1024w, https:\/\/sustainable-horizon.com\/wp-content\/uploads\/2024\/10\/IKBauNRW_LogoMitglieder2022_100PT_RGB-300x115.jpg 300w, https:\/\/sustainable-horizon.com\/wp-content\/uploads\/2024\/10\/IKBauNRW_LogoMitglieder2022_100PT_RGB-768x294.jpg 768w, https:\/\/sustainable-horizon.com\/wp-content\/uploads\/2024\/10\/IKBauNRW_LogoMitglieder2022_100PT_RGB.jpg 1324w\" sizes=\"(max-width: 800px) 100vw, 800px\" \/>\t\t\t\t\t\t\t\t\t\t\t\t\t\t\t<\/div>\n\t\t\t\t<\/div>\n\t\t\t\t<div class=\"elementor-element elementor-element-fa09b25 elementor-widget elementor-widget-image\" data-id=\"fa09b25\" data-element_type=\"widget\" data-widget_type=\"image.default\">\n\t\t\t\t<div class=\"elementor-widget-container\">\n\t\t\t\t\t\t\t\t\t\t\t\t\t\t\t<img decoding=\"async\" width=\"800\" height=\"194\" src=\"https:\/\/sustainable-horizon.com\/wp-content\/uploads\/2024\/10\/EE_EnergieeffizienzExperten_Logo.jpg\" class=\"attachment-large size-large wp-image-975\" alt=\"\" srcset=\"https:\/\/sustainable-horizon.com\/wp-content\/uploads\/2024\/10\/EE_EnergieeffizienzExperten_Logo.jpg 965w, https:\/\/sustainable-horizon.com\/wp-content\/uploads\/2024\/10\/EE_EnergieeffizienzExperten_Logo-300x73.jpg 300w, https:\/\/sustainable-horizon.com\/wp-content\/uploads\/2024\/10\/EE_EnergieeffizienzExperten_Logo-768x186.jpg 768w\" sizes=\"(max-width: 800px) 100vw, 800px\" \/>\t\t\t\t\t\t\t\t\t\t\t\t\t\t\t<\/div>\n\t\t\t\t<\/div>\n\t\t\t\t<\/div>\n\t\t\t\t<\/div>\n\t\t\t\t<\/div>\n\t\t\t\t<\/div>\n\t\t\t\t<\/div>\n\t\t\t\t\t<\/div>\n\t\t\t\t<\/div>\n\t\t\t\t<\/div>","protected":false},"excerpt":{"rendered":"<p>Kontaktaufnahme Kontaktieren Sie mich telefonisch \u00fcber die&nbsp;+49 176 82293344&nbsp;oder geben Sie unten Ihre Kontaktdaten an und ich melde mich bei Ihnen innerhalb von 48h. Kontaktformular Ansprache Herr Frau Diverse Vorname Nachhanme Wohnort (Optional) PLZ (Optional) Telefonnummer (Optional) E-Mail Ihre Nachricht (Optional) Datenschutz * Ich stimme der Datenverarbeitung zu. Gespr\u00e4ch vereinbaren If you are human, leave [&hellip;]<\/p>","protected":false},"author":1,"featured_media":0,"parent":0,"menu_order":0,"comment_status":"closed","ping_status":"closed","template":"","meta":{"footnotes":""},"class_list":["post-20","page","type-page","status-publish","hentry"],"_links":{"self":[{"href":"https:\/\/sustainable-horizon.com\/es\/wp-json\/wp\/v2\/pages\/20","targetHints":{"allow":["GET"]}}],"collection":[{"href":"https:\/\/sustainable-horizon.com\/es\/wp-json\/wp\/v2\/pages"}],"about":[{"href":"https:\/\/sustainable-horizon.com\/es\/wp-json\/wp\/v2\/types\/page"}],"author":[{"embeddable":true,"href":"https:\/\/sustainable-horizon.com\/es\/wp-json\/wp\/v2\/users\/1"}],"replies":[{"embeddable":true,"href":"https:\/\/sustainable-horizon.com\/es\/wp-json\/wp\/v2\/comments?post=20"}],"version-history":[{"count":10,"href":"https:\/\/sustainable-horizon.com\/es\/wp-json\/wp\/v2\/pages\/20\/revisions"}],"predecessor-version":[{"id":2029,"href":"https:\/\/sustainable-horizon.com\/es\/wp-json\/wp\/v2\/pages\/20\/revisions\/2029"}],"wp:attachment":[{"href":"https:\/\/sustainable-horizon.com\/es\/wp-json\/wp\/v2\/media?parent=20"}],"curies":[{"name":"wp","href":"https:\/\/api.w.org\/{rel}","templated":true}]}}