{"id":935,"date":"2024-10-16T14:26:32","date_gmt":"2024-10-16T12:26:32","guid":{"rendered":"https:\/\/sustainable-horizon.com\/?page_id=935"},"modified":"2024-12-13T20:16:00","modified_gmt":"2024-12-13T19:16:00","slug":"kontakt","status":"publish","type":"page","link":"https:\/\/sustainable-horizon.com\/en\/kontakt\/","title":{"rendered":"Kontakt"},"content":{"rendered":"<div data-elementor-type=\"wp-page\" data-elementor-id=\"935\" class=\"elementor elementor-935\" data-elementor-post-type=\"page\">\n\t\t\t\t<div class=\"elementor-element elementor-element-b17f9b2 e-flex e-con-boxed e-con e-parent\" data-id=\"b17f9b2\" data-element_type=\"container\">\n\t\t\t\t\t<div class=\"e-con-inner\">\n\t\t<div class=\"elementor-element elementor-element-78963d7 e-con-full e-flex e-con e-child\" data-id=\"78963d7\" data-element_type=\"container\">\n\t\t\t\t<div class=\"elementor-element elementor-element-3e8849f elementor-widget elementor-widget-image\" data-id=\"3e8849f\" data-element_type=\"widget\" data-widget_type=\"image.default\">\n\t\t\t\t<div class=\"elementor-widget-container\">\n\t\t\t\t\t\t\t\t\t\t\t\t\t\t\t<img decoding=\"async\" width=\"800\" height=\"534\" src=\"https:\/\/sustainable-horizon.com\/wp-content\/uploads\/2024\/10\/kontakt-sustainable-horizon-aus-dusseldorf-1024x683.jpg\" class=\"attachment-large size-large wp-image-938\" alt=\"\" srcset=\"https:\/\/sustainable-horizon.com\/wp-content\/uploads\/2024\/10\/kontakt-sustainable-horizon-aus-dusseldorf-1024x683.jpg 1024w, https:\/\/sustainable-horizon.com\/wp-content\/uploads\/2024\/10\/kontakt-sustainable-horizon-aus-dusseldorf-300x200.jpg 300w, https:\/\/sustainable-horizon.com\/wp-content\/uploads\/2024\/10\/kontakt-sustainable-horizon-aus-dusseldorf-768x512.jpg 768w, https:\/\/sustainable-horizon.com\/wp-content\/uploads\/2024\/10\/kontakt-sustainable-horizon-aus-dusseldorf-1536x1024.jpg 1536w, https:\/\/sustainable-horizon.com\/wp-content\/uploads\/2024\/10\/kontakt-sustainable-horizon-aus-dusseldorf-2048x1365.jpg 2048w\" sizes=\"(max-width: 800px) 100vw, 800px\" \/>\t\t\t\t\t\t\t\t\t\t\t\t\t\t\t<\/div>\n\t\t\t\t<\/div>\n\t\t\t\t<\/div>\n\t\t<div class=\"elementor-element elementor-element-a3b2c92 e-con-full e-flex e-con e-child\" data-id=\"a3b2c92\" data-element_type=\"container\">\n\t\t<div class=\"elementor-element elementor-element-bcfe8e1 e-con-full e-flex e-con e-child\" data-id=\"bcfe8e1\" data-element_type=\"container\">\n\t\t\t\t<div class=\"elementor-element elementor-element-2d84239 elementor-widget elementor-widget-heading\" data-id=\"2d84239\" data-element_type=\"widget\" data-widget_type=\"heading.default\">\n\t\t\t\t<div class=\"elementor-widget-container\">\n\t\t\t\t\t<h2 class=\"elementor-heading-title elementor-size-default\">Kontakt<\/h2>\t\t\t\t<\/div>\n\t\t\t\t<\/div>\n\t\t\t\t<div class=\"elementor-element elementor-element-04729d2 elementor-widget elementor-widget-text-editor\" data-id=\"04729d2\" data-element_type=\"widget\" data-widget_type=\"text-editor.default\">\n\t\t\t\t<div class=\"elementor-widget-container\">\n\t\t\t\t\t\t\t\t\t<p>Sie haben Fragen? Dann schreiben Sie uns direkt eine E-Mail oder rufen Sie uns an. Wir werden Ihr pers\u00f6nliches Anliegen so schnell wie M\u00f6glich bearbeiten.<\/p>\t\t\t\t\t\t\t\t<\/div>\n\t\t\t\t<\/div>\n\t\t\t\t<\/div>\n\t\t<div class=\"elementor-element elementor-element-145297b e-con-full e-flex e-con e-child\" data-id=\"145297b\" data-element_type=\"container\">\n\t\t<div class=\"elementor-element elementor-element-f867cd8 e-con-full e-flex e-con e-child\" data-id=\"f867cd8\" data-element_type=\"container\">\n\t\t\t\t<div class=\"elementor-element elementor-element-8f6ed8c elementor-widget elementor-widget-heading\" data-id=\"8f6ed8c\" data-element_type=\"widget\" data-widget_type=\"heading.default\">\n\t\t\t\t<div class=\"elementor-widget-container\">\n\t\t\t\t\t<h3 class=\"elementor-heading-title elementor-size-default\">Unser Standort<\/h3>\t\t\t\t<\/div>\n\t\t\t\t<\/div>\n\t\t\t\t<div class=\"elementor-element elementor-element-914cea8 elementor-widget elementor-widget-text-editor\" data-id=\"914cea8\" data-element_type=\"widget\" data-widget_type=\"text-editor.default\">\n\t\t\t\t<div class=\"elementor-widget-container\">\n\t\t\t\t\t\t\t\t\t<p>Derendofer Str. 81<br \/>40479 D\u00fcsseldorf<\/p>\t\t\t\t\t\t\t\t<\/div>\n\t\t\t\t<\/div>\n\t\t\t\t<\/div>\n\t\t<div class=\"elementor-element elementor-element-1616666 e-con-full e-flex e-con e-child\" data-id=\"1616666\" data-element_type=\"container\">\n\t\t\t\t<div class=\"elementor-element elementor-element-a1f74e4 elementor-widget elementor-widget-heading\" data-id=\"a1f74e4\" data-element_type=\"widget\" data-widget_type=\"heading.default\">\n\t\t\t\t<div class=\"elementor-widget-container\">\n\t\t\t\t\t<h3 class=\"elementor-heading-title elementor-size-default\">Direkter Kontakt<\/h3>\t\t\t\t<\/div>\n\t\t\t\t<\/div>\n\t\t\t\t<div class=\"elementor-element elementor-element-fb01e69 elementor-widget elementor-widget-text-editor\" data-id=\"fb01e69\" data-element_type=\"widget\" data-widget_type=\"text-editor.default\">\n\t\t\t\t<div class=\"elementor-widget-container\">\n\t\t\t\t\t\t\t\t\t<p><a href=\"tel:+4917682293344\">+49 176 82293344<\/a><br>claudio.ortega@sustainable-horizon.com<\/p>\t\t\t\t\t\t\t\t<\/div>\n\t\t\t\t<\/div>\n\t\t\t\t<\/div>\n\t\t<div class=\"elementor-element elementor-element-e981c96 e-con-full e-flex e-con e-child\" data-id=\"e981c96\" data-element_type=\"container\">\n\t\t\t\t<div class=\"elementor-element elementor-element-a235276 elementor-widget elementor-widget-heading\" data-id=\"a235276\" data-element_type=\"widget\" data-widget_type=\"heading.default\">\n\t\t\t\t<div class=\"elementor-widget-container\">\n\t\t\t\t\t<h3 class=\"elementor-heading-title elementor-size-default\">\u00d6ffnungszeiten<\/h3>\t\t\t\t<\/div>\n\t\t\t\t<\/div>\n\t\t\t\t<div class=\"elementor-element elementor-element-e3711f5 elementor-widget elementor-widget-text-editor\" data-id=\"e3711f5\" data-element_type=\"widget\" data-widget_type=\"text-editor.default\">\n\t\t\t\t<div class=\"elementor-widget-container\">\n\t\t\t\t\t\t\t\t\t<p>Montag \u2013 Freitag<br \/>08:00 Uhr \u2013 18:00 Uhr<\/p>\t\t\t\t\t\t\t\t<\/div>\n\t\t\t\t<\/div>\n\t\t\t\t<\/div>\n\t\t\t\t<\/div>\n\t\t\t\t<\/div>\n\t\t\t\t\t<\/div>\n\t\t\t\t<\/div>\n\t\t\t\t<\/div>","protected":false},"excerpt":{"rendered":"<p>Kontakt Sie haben Fragen? Dann schreiben Sie uns direkt eine E-Mail oder rufen Sie uns an. Wir werden Ihr pers\u00f6nliches Anliegen so schnell wie M\u00f6glich bearbeiten. Unser Standort Derendofer Str. 8140479 D\u00fcsseldorf Direkter Kontakt +49 176 82293344claudio.ortega@sustainable-horizon.com \u00d6ffnungszeiten Montag \u2013 Freitag08:00 Uhr \u2013 18:00 Uhr<\/p>","protected":false},"author":1,"featured_media":0,"parent":0,"menu_order":0,"comment_status":"closed","ping_status":"closed","template":"","meta":{"footnotes":""},"class_list":["post-935","page","type-page","status-publish","hentry"],"_links":{"self":[{"href":"https:\/\/sustainable-horizon.com\/en\/wp-json\/wp\/v2\/pages\/935","targetHints":{"allow":["GET"]}}],"collection":[{"href":"https:\/\/sustainable-horizon.com\/en\/wp-json\/wp\/v2\/pages"}],"about":[{"href":"https:\/\/sustainable-horizon.com\/en\/wp-json\/wp\/v2\/types\/page"}],"author":[{"embeddable":true,"href":"https:\/\/sustainable-horizon.com\/en\/wp-json\/wp\/v2\/users\/1"}],"replies":[{"embeddable":true,"href":"https:\/\/sustainable-horizon.com\/en\/wp-json\/wp\/v2\/comments?post=935"}],"version-history":[{"count":10,"href":"https:\/\/sustainable-horizon.com\/en\/wp-json\/wp\/v2\/pages\/935\/revisions"}],"predecessor-version":[{"id":2026,"href":"https:\/\/sustainable-horizon.com\/en\/wp-json\/wp\/v2\/pages\/935\/revisions\/2026"}],"wp:attachment":[{"href":"https:\/\/sustainable-horizon.com\/en\/wp-json\/wp\/v2\/media?parent=935"}],"curies":[{"name":"wp","href":"https:\/\/api.w.org\/{rel}","templated":true}]}}